{"id":561,"date":"2024-05-02T11:37:48","date_gmt":"2024-05-02T11:37:48","guid":{"rendered":"https:\/\/globalgalaxyit.com\/about\/"},"modified":"2024-07-09T12:44:29","modified_gmt":"2024-07-09T12:44:29","slug":"about","status":"publish","type":"page","link":"https:\/\/globalgalaxyit.com\/en\/about\/","title":{"rendered":"About Us"},"content":{"rendered":"<div data-elementor-type=\"wp-page\" data-elementor-id=\"561\" class=\"elementor elementor-561\">\n\t\t\t\t<div class=\"elementor-element elementor-element-d8a3f7c e-flex e-con-boxed e-con e-parent\" data-id=\"d8a3f7c\" data-element_type=\"container\" data-e-type=\"container\" data-settings=\"{&quot;background_background&quot;:&quot;classic&quot;}\">\n\t\t\t\t\t<div class=\"e-con-inner\">\n\t\t<div class=\"elementor-element elementor-element-a336578 e-con-full e-flex e-con e-child\" data-id=\"a336578\" data-element_type=\"container\" data-e-type=\"container\">\n\t\t\t\t<div class=\"elementor-element elementor-element-469abe7 elementor-widget elementor-widget-heading\" data-id=\"469abe7\" data-element_type=\"widget\" data-e-type=\"widget\" data-widget_type=\"heading.default\">\n\t\t\t\t<div class=\"elementor-widget-container\">\n\t\t\t\t\t<h1 class=\"elementor-heading-title elementor-size-default\">About Us<\/h1>\t\t\t\t<\/div>\n\t\t\t\t<\/div>\n\t\t\t\t<div class=\"elementor-element elementor-element-fbb5703 elementor-widget elementor-widget-text-editor\" data-id=\"fbb5703\" data-element_type=\"widget\" data-e-type=\"widget\" data-widget_type=\"text-editor.default\">\n\t\t\t\t<div class=\"elementor-widget-container\">\n\t\t\t\t\t\t\t\t\t<p>Global Galaxy IT is your partner for digital marketing and social networks<\/p>\t\t\t\t\t\t\t\t<\/div>\n\t\t\t\t<\/div>\n\t\t\t\t<\/div>\n\t\t\t\t\t<\/div>\n\t\t\t\t<\/div>\n\t\t<div class=\"elementor-element elementor-element-5fcf896 e-flex e-con-boxed e-con e-parent\" data-id=\"5fcf896\" data-element_type=\"container\" data-e-type=\"container\">\n\t\t\t\t\t<div class=\"e-con-inner\">\n\t\t<div class=\"elementor-element elementor-element-aa12da8 e-con-full e-flex e-con e-child\" data-id=\"aa12da8\" data-element_type=\"container\" data-e-type=\"container\">\n\t\t\t\t<div class=\"elementor-element elementor-element-0a69d3f elementor-widget elementor-widget-image\" data-id=\"0a69d3f\" data-element_type=\"widget\" data-e-type=\"widget\" data-widget_type=\"image.default\">\n\t\t\t\t<div class=\"elementor-widget-container\">\n\t\t\t\t\t\t\t\t\t\t\t\t\t\t\t<img fetchpriority=\"high\" decoding=\"async\" width=\"992\" height=\"1600\" src=\"https:\/\/globalgalaxyit.com\/wp-content\/uploads\/2024\/05\/WhatsApp-Image-2024-05-08-at-22.11.48-1.jpeg\" class=\"attachment-full size-full wp-image-2099\" alt=\"Global Galaxy IT\" srcset=\"https:\/\/globalgalaxyit.com\/wp-content\/uploads\/2024\/05\/WhatsApp-Image-2024-05-08-at-22.11.48-1.jpeg 992w, https:\/\/globalgalaxyit.com\/wp-content\/uploads\/2024\/05\/WhatsApp-Image-2024-05-08-at-22.11.48-1-186x300.jpeg 186w, https:\/\/globalgalaxyit.com\/wp-content\/uploads\/2024\/05\/WhatsApp-Image-2024-05-08-at-22.11.48-1-635x1024.jpeg 635w, https:\/\/globalgalaxyit.com\/wp-content\/uploads\/2024\/05\/WhatsApp-Image-2024-05-08-at-22.11.48-1-768x1239.jpeg 768w, https:\/\/globalgalaxyit.com\/wp-content\/uploads\/2024\/05\/WhatsApp-Image-2024-05-08-at-22.11.48-1-952x1536.jpeg 952w\" sizes=\"(max-width: 992px) 100vw, 992px\" \/>\t\t\t\t\t\t\t\t\t\t\t\t\t\t\t<\/div>\n\t\t\t\t<\/div>\n\t\t\t\t<\/div>\n\t\t<div class=\"elementor-element elementor-element-b1cd662 e-con-full e-flex e-con e-child\" data-id=\"b1cd662\" data-element_type=\"container\" data-e-type=\"container\">\n\t\t\t\t<div class=\"elementor-element elementor-element-500089d elementor-widget-divider--view-line elementor-widget elementor-widget-divider\" data-id=\"500089d\" data-element_type=\"widget\" data-e-type=\"widget\" data-widget_type=\"divider.default\">\n\t\t\t\t<div class=\"elementor-widget-container\">\n\t\t\t\t\t\t\t<div class=\"elementor-divider\">\n\t\t\t<span class=\"elementor-divider-separator\">\n\t\t\t\t\t\t<\/span>\n\t\t<\/div>\n\t\t\t\t\t\t<\/div>\n\t\t\t\t<\/div>\n\t\t\t\t<div class=\"elementor-element elementor-element-6841111 elementor-widget elementor-widget-heading\" data-id=\"6841111\" data-element_type=\"widget\" data-e-type=\"widget\" data-widget_type=\"heading.default\">\n\t\t\t\t<div class=\"elementor-widget-container\">\n\t\t\t\t\t<h2 class=\"elementor-heading-title elementor-size-default\">About Us<\/h2>\t\t\t\t<\/div>\n\t\t\t\t<\/div>\n\t\t\t\t<div class=\"elementor-element elementor-element-7611769 elementor-widget elementor-widget-text-editor\" data-id=\"7611769\" data-element_type=\"widget\" data-e-type=\"widget\" data-widget_type=\"text-editor.default\">\n\t\t\t\t<div class=\"elementor-widget-container\">\n\t\t\t\t\t\t\t\t\t<p>Global Galaxy IT\u00a0 is a comprehensive digital marketing and social media management agency that provides you with expert guidance and innovative strategies to achieve outstanding results in the online marketplace. Our commitment to quality, creativity and results makes us the ideal partner for your digital needs.<\/p>\t\t\t\t\t\t\t\t<\/div>\n\t\t\t\t<\/div>\n\t\t\t\t<div class=\"elementor-element elementor-element-c7d217c elementor-icon-list--layout-traditional elementor-list-item-link-full_width elementor-widget elementor-widget-icon-list\" data-id=\"c7d217c\" data-element_type=\"widget\" data-e-type=\"widget\" data-widget_type=\"icon-list.default\">\n\t\t\t\t<div class=\"elementor-widget-container\">\n\t\t\t\t\t\t\t<ul class=\"elementor-icon-list-items\">\n\t\t\t\t\t\t\t<li class=\"elementor-icon-list-item\">\n\t\t\t\t\t\t\t\t\t\t<span class=\"elementor-icon-list-text\">Digital Marketing: We develop comprehensive digital marketing strategies <\/span>\n\t\t\t\t\t\t\t\t\t<\/li>\n\t\t\t\t\t\t\t\t<li class=\"elementor-icon-list-item\">\n\t\t\t\t\t\t\t\t\t\t<span class=\"elementor-icon-list-text\">Social Network management: We provide expert management of your social networks<\/span>\n\t\t\t\t\t\t\t\t\t<\/li>\n\t\t\t\t\t\t\t\t<li class=\"elementor-icon-list-item\">\n\t\t\t\t\t\t\t\t\t\t<span class=\"elementor-icon-list-text\">Creative Services: Our creative team works to create engaging content<\/span>\n\t\t\t\t\t\t\t\t\t<\/li>\n\t\t\t\t\t\t\t\t<li class=\"elementor-icon-list-item\">\n\t\t\t\t\t\t\t\t\t\t<span class=\"elementor-icon-list-text\">Analytics and reporting: We continuously monitor the performance of your digital campaigns<\/span>\n\t\t\t\t\t\t\t\t\t<\/li>\n\t\t\t\t\t\t<\/ul>\n\t\t\t\t\t\t<\/div>\n\t\t\t\t<\/div>\n\t\t\t\t<\/div>\n\t\t\t\t\t<\/div>\n\t\t\t\t<\/div>\n\t\t<div class=\"elementor-element elementor-element-5598763 e-flex e-con-boxed e-con e-parent\" data-id=\"5598763\" data-element_type=\"container\" data-e-type=\"container\">\n\t\t\t\t\t<div class=\"e-con-inner\">\n\t\t<div class=\"elementor-element elementor-element-c72a7f5 e-con-full e-flex e-con e-child\" data-id=\"c72a7f5\" data-element_type=\"container\" data-e-type=\"container\">\n\t\t\t\t<div class=\"elementor-element elementor-element-29c3ea3 elementor-widget-divider--view-line elementor-widget elementor-widget-divider\" data-id=\"29c3ea3\" data-element_type=\"widget\" data-e-type=\"widget\" data-widget_type=\"divider.default\">\n\t\t\t\t<div class=\"elementor-widget-container\">\n\t\t\t\t\t\t\t<div class=\"elementor-divider\">\n\t\t\t<span class=\"elementor-divider-separator\">\n\t\t\t\t\t\t<\/span>\n\t\t<\/div>\n\t\t\t\t\t\t<\/div>\n\t\t\t\t<\/div>\n\t\t\t\t<div class=\"elementor-element elementor-element-7e5af14 elementor-widget elementor-widget-heading\" data-id=\"7e5af14\" data-element_type=\"widget\" data-e-type=\"widget\" data-widget_type=\"heading.default\">\n\t\t\t\t<div class=\"elementor-widget-container\">\n\t\t\t\t\t<h2 class=\"elementor-heading-title elementor-size-default\">Why will you choose Global Galaxy IT?<\/h2>\t\t\t\t<\/div>\n\t\t\t\t<\/div>\n\t\t\t\t<div class=\"elementor-element elementor-element-01ad8c5 elementor-widget elementor-widget-text-editor\" data-id=\"01ad8c5\" data-element_type=\"widget\" data-e-type=\"widget\" data-widget_type=\"text-editor.default\">\n\t\t\t\t<div class=\"elementor-widget-container\">\n\t\t\t\t\t\t\t\t\t<p><strong>Comprehensiveness:<\/strong> We provide all the services you need to succeed in the digital market under one roof.<\/p><p><strong>Professionalism:<\/strong> Rich experience and knowledge needed to achieve outstanding results.<\/p><p><strong>Creativity:<\/strong> We create original and innovative campaigns that will attract the attention of your audience and highlight your brand.<\/p><p><strong>Engagement:<\/strong> We build deep and authentic connections with your audience, encouraging interaction and loyalty.<\/p>\t\t\t\t\t\t\t\t<\/div>\n\t\t\t\t<\/div>\n\t\t\t\t<div class=\"elementor-element elementor-element-c393e2a elementor-widget elementor-widget-heading\" data-id=\"c393e2a\" data-element_type=\"widget\" data-e-type=\"widget\" data-widget_type=\"heading.default\">\n\t\t\t\t<div class=\"elementor-widget-container\">\n\t\t\t\t\t<h6 class=\"elementor-heading-title elementor-size-default\"><a href=\"https:\/\/globalgalaxyit.com\/en\/contact\/\">Let's start together<\/a><\/h6>\t\t\t\t<\/div>\n\t\t\t\t<\/div>\n\t\t\t\t<\/div>\n\t\t\t\t\t<\/div>\n\t\t\t\t<\/div>\n\t\t<div class=\"elementor-element elementor-element-90ee01c e-flex e-con-boxed e-con e-parent\" data-id=\"90ee01c\" data-element_type=\"container\" data-e-type=\"container\" data-settings=\"{&quot;background_background&quot;:&quot;classic&quot;}\">\n\t\t\t\t\t<div class=\"e-con-inner\">\n\t\t<div class=\"elementor-element elementor-element-116a07e e-con-full e-flex e-con e-child\" data-id=\"116a07e\" data-element_type=\"container\" data-e-type=\"container\">\n\t\t\t\t<\/div>\n\t\t\t\t\t<\/div>\n\t\t\t\t<\/div>\n\t\t\t\t<\/div>","protected":false},"excerpt":{"rendered":"<p>O nama Global Galaxy IT je va\u0161 partner za digitalni marketing i dru\u0161tvene mre\u017ee O nama Global Galaxy IT\u00a0 je sveobuhvatna agencija za digitalni marketing i vo\u0111enje dru\u0161tvenih mre\u017ea koja vam pru\u017ea stru\u010dno vo\u0111enje i inovativne strategije kako biste ostvarili izvanredne rezultate na online tr\u017ei\u0161tu. Na\u0161a posve\u0107enost kvaliteti, kreativnosti i rezultatima \u010dini nas idealnim partnerom [&hellip;]<\/p>\n","protected":false},"author":1,"featured_media":0,"parent":0,"menu_order":0,"comment_status":"closed","ping_status":"closed","template":"","meta":{"nf_dc_page":"","site-sidebar-layout":"no-sidebar","site-content-layout":"page-builder","ast-site-content-layout":"full-width-container","site-content-style":"unboxed","site-sidebar-style":"unboxed","ast-global-header-display":"","ast-banner-title-visibility":"","ast-main-header-display":"","ast-hfb-above-header-display":"","ast-hfb-below-header-display":"","ast-hfb-mobile-header-display":"","site-post-title":"disabled","ast-breadcrumbs-content":"","ast-featured-img":"disabled","footer-sml-layout":"","ast-disable-related-posts":"","theme-transparent-header-meta":"enabled","adv-header-id-meta":"","stick-header-meta":"","header-above-stick-meta":"","header-main-stick-meta":"","header-below-stick-meta":"","astra-migrate-meta-layouts":"set","ast-page-background-enabled":"default","ast-page-background-meta":{"desktop":{"background-color":"","background-image":"","background-repeat":"repeat","background-position":"center center","background-size":"auto","background-attachment":"scroll","background-type":"","background-media":"","overlay-type":"","overlay-color":"","overlay-opacity":"","overlay-gradient":""},"tablet":{"background-color":"","background-image":"","background-repeat":"repeat","background-position":"center center","background-size":"auto","background-attachment":"scroll","background-type":"","background-media":"","overlay-type":"","overlay-color":"","overlay-opacity":"","overlay-gradient":""},"mobile":{"background-color":"","background-image":"","background-repeat":"repeat","background-position":"center center","background-size":"auto","background-attachment":"scroll","background-type":"","background-media":"","overlay-type":"","overlay-color":"","overlay-opacity":"","overlay-gradient":""}},"ast-content-background-meta":{"desktop":{"background-color":"var(--ast-global-color-5)","background-image":"","background-repeat":"repeat","background-position":"center center","background-size":"auto","background-attachment":"scroll","background-type":"","background-media":"","overlay-type":"","overlay-color":"","overlay-opacity":"","overlay-gradient":""},"tablet":{"background-color":"var(--ast-global-color-5)","background-image":"","background-repeat":"repeat","background-position":"center center","background-size":"auto","background-attachment":"scroll","background-type":"","background-media":"","overlay-type":"","overlay-color":"","overlay-opacity":"","overlay-gradient":""},"mobile":{"background-color":"var(--ast-global-color-5)","background-image":"","background-repeat":"repeat","background-position":"center center","background-size":"auto","background-attachment":"scroll","background-type":"","background-media":"","overlay-type":"","overlay-color":"","overlay-opacity":"","overlay-gradient":""}},"footnotes":""},"class_list":["post-561","page","type-page","status-publish","hentry"],"yoast_head":"<!-- This site is optimized with the Yoast SEO plugin v27.3 - https:\/\/yoast.com\/product\/yoast-seo-wordpress\/ -->\n<title>O nama - Global Galaxy IT<\/title>\n<meta name=\"robots\" content=\"index, follow, max-snippet:-1, max-image-preview:large, max-video-preview:-1\" \/>\n<link rel=\"canonical\" href=\"https:\/\/globalgalaxyit.com\/en\/about\/\" \/>\n<meta property=\"og:locale\" content=\"en_GB\" \/>\n<meta property=\"og:type\" content=\"article\" \/>\n<meta property=\"og:title\" content=\"O nama - Global Galaxy IT\" \/>\n<meta property=\"og:description\" content=\"O nama Global Galaxy IT je va\u0161 partner za digitalni marketing i dru\u0161tvene mre\u017ee O nama Global Galaxy IT\u00a0 je sveobuhvatna agencija za digitalni marketing i vo\u0111enje dru\u0161tvenih mre\u017ea koja vam pru\u017ea stru\u010dno vo\u0111enje i inovativne strategije kako biste ostvarili izvanredne rezultate na online tr\u017ei\u0161tu. Na\u0161a posve\u0107enost kvaliteti, kreativnosti i rezultatima \u010dini nas idealnim partnerom [&hellip;]\" \/>\n<meta property=\"og:url\" content=\"https:\/\/globalgalaxyit.com\/en\/about\/\" \/>\n<meta property=\"og:site_name\" content=\"Global Galaxy IT\" \/>\n<meta property=\"article:modified_time\" content=\"2024-07-09T12:44:29+00:00\" \/>\n<meta property=\"og:image\" content=\"https:\/\/globalgalaxyit.com\/wp-content\/uploads\/2024\/05\/WhatsApp-Image-2024-05-08-at-22.11.48-1.jpeg\" \/>\n<meta name=\"twitter:card\" content=\"summary_large_image\" \/>\n<meta name=\"twitter:label1\" content=\"Estimated reading time\" \/>\n\t<meta name=\"twitter:data1\" content=\"1 minute\" \/>\n<script type=\"application\/ld+json\" class=\"yoast-schema-graph\">{\"@context\":\"https:\\\/\\\/schema.org\",\"@graph\":[{\"@type\":\"WebPage\",\"@id\":\"https:\\\/\\\/globalgalaxyit.com\\\/about\\\/\",\"url\":\"https:\\\/\\\/globalgalaxyit.com\\\/about\\\/\",\"name\":\"O nama - Global Galaxy IT\",\"isPartOf\":{\"@id\":\"https:\\\/\\\/globalgalaxyit.com\\\/#website\"},\"primaryImageOfPage\":{\"@id\":\"https:\\\/\\\/globalgalaxyit.com\\\/about\\\/#primaryimage\"},\"image\":{\"@id\":\"https:\\\/\\\/globalgalaxyit.com\\\/about\\\/#primaryimage\"},\"thumbnailUrl\":\"https:\\\/\\\/globalgalaxyit.com\\\/wp-content\\\/uploads\\\/2024\\\/05\\\/WhatsApp-Image-2024-05-08-at-22.11.48-1.jpeg\",\"datePublished\":\"2024-05-02T11:37:48+00:00\",\"dateModified\":\"2024-07-09T12:44:29+00:00\",\"breadcrumb\":{\"@id\":\"https:\\\/\\\/globalgalaxyit.com\\\/about\\\/#breadcrumb\"},\"inLanguage\":\"en-GB\",\"potentialAction\":[{\"@type\":\"ReadAction\",\"target\":[\"https:\\\/\\\/globalgalaxyit.com\\\/about\\\/\"]}]},{\"@type\":\"ImageObject\",\"inLanguage\":\"en-GB\",\"@id\":\"https:\\\/\\\/globalgalaxyit.com\\\/about\\\/#primaryimage\",\"url\":\"https:\\\/\\\/globalgalaxyit.com\\\/wp-content\\\/uploads\\\/2024\\\/05\\\/WhatsApp-Image-2024-05-08-at-22.11.48-1.jpeg\",\"contentUrl\":\"https:\\\/\\\/globalgalaxyit.com\\\/wp-content\\\/uploads\\\/2024\\\/05\\\/WhatsApp-Image-2024-05-08-at-22.11.48-1.jpeg\"},{\"@type\":\"BreadcrumbList\",\"@id\":\"https:\\\/\\\/globalgalaxyit.com\\\/about\\\/#breadcrumb\",\"itemListElement\":[{\"@type\":\"ListItem\",\"position\":1,\"name\":\"Home\",\"item\":\"https:\\\/\\\/globalgalaxyit.com\\\/\"},{\"@type\":\"ListItem\",\"position\":2,\"name\":\"O nama\"}]},{\"@type\":\"WebSite\",\"@id\":\"https:\\\/\\\/globalgalaxyit.com\\\/#website\",\"url\":\"https:\\\/\\\/globalgalaxyit.com\\\/\",\"name\":\"Global Galaxy IT\",\"description\":\"Inovativna rje\u0161enja u digitalnom marketingu\",\"publisher\":{\"@id\":\"https:\\\/\\\/globalgalaxyit.com\\\/#organization\"},\"potentialAction\":[{\"@type\":\"SearchAction\",\"target\":{\"@type\":\"EntryPoint\",\"urlTemplate\":\"https:\\\/\\\/globalgalaxyit.com\\\/?s={search_term_string}\"},\"query-input\":{\"@type\":\"PropertyValueSpecification\",\"valueRequired\":true,\"valueName\":\"search_term_string\"}}],\"inLanguage\":\"en-GB\"},{\"@type\":\"Organization\",\"@id\":\"https:\\\/\\\/globalgalaxyit.com\\\/#organization\",\"name\":\"Global Galaxy IT\",\"url\":\"https:\\\/\\\/globalgalaxyit.com\\\/\",\"logo\":{\"@type\":\"ImageObject\",\"inLanguage\":\"en-GB\",\"@id\":\"https:\\\/\\\/globalgalaxyit.com\\\/#\\\/schema\\\/logo\\\/image\\\/\",\"url\":\"https:\\\/\\\/globalgalaxyit.com\\\/wp-content\\\/uploads\\\/2024\\\/05\\\/cropped-cropped-cropped-logoozaweb-1.png\",\"contentUrl\":\"https:\\\/\\\/globalgalaxyit.com\\\/wp-content\\\/uploads\\\/2024\\\/05\\\/cropped-cropped-cropped-logoozaweb-1.png\",\"width\":442,\"height\":272,\"caption\":\"Global Galaxy IT\"},\"image\":{\"@id\":\"https:\\\/\\\/globalgalaxyit.com\\\/#\\\/schema\\\/logo\\\/image\\\/\"},\"sameAs\":[\"https:\\\/\\\/www.instagram.com\\\/global_galaxy_it_?igsh=bGd6aDkxZDB0cjF0\"]}]}<\/script>\n<!-- \/ Yoast SEO plugin. -->","yoast_head_json":{"title":"O nama - Global Galaxy IT","robots":{"index":"index","follow":"follow","max-snippet":"max-snippet:-1","max-image-preview":"max-image-preview:large","max-video-preview":"max-video-preview:-1"},"canonical":"https:\/\/globalgalaxyit.com\/en\/about\/","og_locale":"en_GB","og_type":"article","og_title":"O nama - Global Galaxy IT","og_description":"O nama Global Galaxy IT je va\u0161 partner za digitalni marketing i dru\u0161tvene mre\u017ee O nama Global Galaxy IT\u00a0 je sveobuhvatna agencija za digitalni marketing i vo\u0111enje dru\u0161tvenih mre\u017ea koja vam pru\u017ea stru\u010dno vo\u0111enje i inovativne strategije kako biste ostvarili izvanredne rezultate na online tr\u017ei\u0161tu. Na\u0161a posve\u0107enost kvaliteti, kreativnosti i rezultatima \u010dini nas idealnim partnerom [&hellip;]","og_url":"https:\/\/globalgalaxyit.com\/en\/about\/","og_site_name":"Global Galaxy IT","article_modified_time":"2024-07-09T12:44:29+00:00","og_image":[{"url":"https:\/\/globalgalaxyit.com\/wp-content\/uploads\/2024\/05\/WhatsApp-Image-2024-05-08-at-22.11.48-1.jpeg","type":"","width":"","height":""}],"twitter_card":"summary_large_image","twitter_misc":{"Estimated reading time":"1 minute"},"schema":{"@context":"https:\/\/schema.org","@graph":[{"@type":"WebPage","@id":"https:\/\/globalgalaxyit.com\/about\/","url":"https:\/\/globalgalaxyit.com\/about\/","name":"O nama - Global Galaxy IT","isPartOf":{"@id":"https:\/\/globalgalaxyit.com\/#website"},"primaryImageOfPage":{"@id":"https:\/\/globalgalaxyit.com\/about\/#primaryimage"},"image":{"@id":"https:\/\/globalgalaxyit.com\/about\/#primaryimage"},"thumbnailUrl":"https:\/\/globalgalaxyit.com\/wp-content\/uploads\/2024\/05\/WhatsApp-Image-2024-05-08-at-22.11.48-1.jpeg","datePublished":"2024-05-02T11:37:48+00:00","dateModified":"2024-07-09T12:44:29+00:00","breadcrumb":{"@id":"https:\/\/globalgalaxyit.com\/about\/#breadcrumb"},"inLanguage":"en-GB","potentialAction":[{"@type":"ReadAction","target":["https:\/\/globalgalaxyit.com\/about\/"]}]},{"@type":"ImageObject","inLanguage":"en-GB","@id":"https:\/\/globalgalaxyit.com\/about\/#primaryimage","url":"https:\/\/globalgalaxyit.com\/wp-content\/uploads\/2024\/05\/WhatsApp-Image-2024-05-08-at-22.11.48-1.jpeg","contentUrl":"https:\/\/globalgalaxyit.com\/wp-content\/uploads\/2024\/05\/WhatsApp-Image-2024-05-08-at-22.11.48-1.jpeg"},{"@type":"BreadcrumbList","@id":"https:\/\/globalgalaxyit.com\/about\/#breadcrumb","itemListElement":[{"@type":"ListItem","position":1,"name":"Home","item":"https:\/\/globalgalaxyit.com\/"},{"@type":"ListItem","position":2,"name":"O nama"}]},{"@type":"WebSite","@id":"https:\/\/globalgalaxyit.com\/#website","url":"https:\/\/globalgalaxyit.com\/","name":"Global Galaxy IT","description":"Inovativna rje\u0161enja u digitalnom marketingu","publisher":{"@id":"https:\/\/globalgalaxyit.com\/#organization"},"potentialAction":[{"@type":"SearchAction","target":{"@type":"EntryPoint","urlTemplate":"https:\/\/globalgalaxyit.com\/?s={search_term_string}"},"query-input":{"@type":"PropertyValueSpecification","valueRequired":true,"valueName":"search_term_string"}}],"inLanguage":"en-GB"},{"@type":"Organization","@id":"https:\/\/globalgalaxyit.com\/#organization","name":"Global Galaxy IT","url":"https:\/\/globalgalaxyit.com\/","logo":{"@type":"ImageObject","inLanguage":"en-GB","@id":"https:\/\/globalgalaxyit.com\/#\/schema\/logo\/image\/","url":"https:\/\/globalgalaxyit.com\/wp-content\/uploads\/2024\/05\/cropped-cropped-cropped-logoozaweb-1.png","contentUrl":"https:\/\/globalgalaxyit.com\/wp-content\/uploads\/2024\/05\/cropped-cropped-cropped-logoozaweb-1.png","width":442,"height":272,"caption":"Global Galaxy IT"},"image":{"@id":"https:\/\/globalgalaxyit.com\/#\/schema\/logo\/image\/"},"sameAs":["https:\/\/www.instagram.com\/global_galaxy_it_?igsh=bGd6aDkxZDB0cjF0"]}]}},"_links":{"self":[{"href":"https:\/\/globalgalaxyit.com\/en\/wp-json\/wp\/v2\/pages\/561","targetHints":{"allow":["GET"]}}],"collection":[{"href":"https:\/\/globalgalaxyit.com\/en\/wp-json\/wp\/v2\/pages"}],"about":[{"href":"https:\/\/globalgalaxyit.com\/en\/wp-json\/wp\/v2\/types\/page"}],"author":[{"embeddable":true,"href":"https:\/\/globalgalaxyit.com\/en\/wp-json\/wp\/v2\/users\/1"}],"replies":[{"embeddable":true,"href":"https:\/\/globalgalaxyit.com\/en\/wp-json\/wp\/v2\/comments?post=561"}],"version-history":[{"count":5,"href":"https:\/\/globalgalaxyit.com\/en\/wp-json\/wp\/v2\/pages\/561\/revisions"}],"predecessor-version":[{"id":2345,"href":"https:\/\/globalgalaxyit.com\/en\/wp-json\/wp\/v2\/pages\/561\/revisions\/2345"}],"wp:attachment":[{"href":"https:\/\/globalgalaxyit.com\/en\/wp-json\/wp\/v2\/media?parent=561"}],"curies":[{"name":"wp","href":"https:\/\/api.w.org\/{rel}","templated":true}]}}